{"id":1200,"date":"2026-04-13T19:08:30","date_gmt":"2026-04-13T17:08:30","guid":{"rendered":"https:\/\/dragonflygarden.eu\/en\/?post_type=product&#038;p=1200"},"modified":"2026-04-18T15:17:41","modified_gmt":"2026-04-18T13:17:41","slug":"cayenne-pepper-seedlings","status":"publish","type":"product","link":"https:\/\/dragonflygarden.eu\/hu\/product\/cayenne-pepper-seedlings\/","title":{"rendered":"Paprika Cayenne Pal\u00e1nt\u00e1k"},"content":{"rendered":"<p>Paprika Cayenne<\/p>\n<p>Teny\u00e9szideje 70-75 nap, term\u00e9se cs\u00fcng\u0151, 15 cm hossz\u00fa \u00e9s1,5 cm sz\u00e9les, v\u00e9konyfal\u00fa. A kezdetben s\u00f6t\u00e9tz\u00f6ld sz\u00edn\u0171 gy\u00fcm\u00f6lcs\u00f6k pirosra \u00e9rnek. Rendk\u00edv\u00fcl cs\u00edp\u0151s.<\/p>\n<p>Rendk\u00edv\u00fcl cs\u00edp\u0151s paprika\u00a0 (30\u201350 ezer <a id=\"mwFw\" class=\"mw-redirect\" title=\"Scoville-egys\u00e9g\" href=\"https:\/\/hu.wikipedia.org\/wiki\/Scoville-egys\u00e9g\" target=\"_blank\" rel=\"mw:WikiLink noopener\"><strong>Scoville-egys\u00e9g <\/strong><\/a><strong><a id=\"mwFw\" class=\"mw-redirect\" title=\"Scoville-egys\u00e9g\" href=\"https:\/\/hu.wikipedia.org\/wiki\/Scoville-egys\u00e9g\" rel=\"mw:WikiLink\"><span class=\"highlight\">&#x1f517;<\/span><\/a><\/strong>, azaz SHU)<\/p>\n<p>Minden pal\u00e1nta kiz\u00e1r\u00f3lag saj\u00e1t k\u00e9sz\u00edt\u00e9s\u0171 komposztunkban n\u0151, \u00e9s csak a saj\u00e1t k\u00e9sz\u00edt\u00e9s\u0171, n\u00f6v\u00e9nyi alap\u00fa term\u00e9szetes tr\u00e1gy\u00e1inkkal t\u00e1pl\u00e1ljuk \u0151ket.<\/p>\n<p>\u00c1r pal\u00e1nta szerint.<\/p>\n<p>\u0150stermel\u0151i term\u00e9k<\/p>\n<p>FELIR: AA2285344<br \/>\nNEBIH: 1035504570<\/p>\n<p>Csak k\u00f6zvetlen elvitelre helyb\u0151l.<\/p>\n","protected":false},"excerpt":{"rendered":"<p>Paprika Cayenne. \u00c1r pal\u00e1nta szerint.<\/p>\n","protected":false},"featured_media":1212,"template":"","meta":{"_EventAllDay":false,"_EventTimezone":"","_EventStartDate":"","_EventEndDate":"","_EventStartDateUTC":"","_EventEndDateUTC":"","_EventShowMap":false,"_EventShowMapLink":false,"_EventURL":"","_EventCost":"","_EventCostDescription":"","_EventCurrencySymbol":"","_EventCurrencyCode":"","_EventCurrencyPosition":"","_EventDateTimeSeparator":"","_EventTimeRangeSeparator":"","_EventOrganizerID":[],"_EventVenueID":[],"_OrganizerEmail":"","_OrganizerPhone":"","_OrganizerWebsite":"","_VenueAddress":"","_VenueCity":"","_VenueCountry":"","_VenueProvince":"","_VenueState":"","_VenueZip":"","_VenuePhone":"","_VenueURL":"","_VenueStateProvince":"","_VenueLat":"","_VenueLng":"","_VenueShowMap":false,"_VenueShowMapLink":false,"_vp_format_video_url":"","_vp_image_focal_point":[]},"product_brand":[],"product_cat":[65,23,69],"product_tag":[54,27,61],"class_list":{"0":"post-1200","1":"product","2":"type-product","3":"status-publish","4":"has-post-thumbnail","6":"product_cat-peppers","7":"product_cat-seedlings","8":"product_cat-spicy","9":"product_tag-pepper","10":"product_tag-red","11":"product_tag-spicy","13":"first","14":"instock","15":"shipping-taxable","16":"purchasable","17":"product-type-simple"},"_links":{"self":[{"href":"https:\/\/dragonflygarden.eu\/hu\/wp-json\/wp\/v2\/product\/1200","targetHints":{"allow":["GET"]}}],"collection":[{"href":"https:\/\/dragonflygarden.eu\/hu\/wp-json\/wp\/v2\/product"}],"about":[{"href":"https:\/\/dragonflygarden.eu\/hu\/wp-json\/wp\/v2\/types\/product"}],"wp:featuredmedia":[{"embeddable":true,"href":"https:\/\/dragonflygarden.eu\/hu\/wp-json\/wp\/v2\/media\/1212"}],"wp:attachment":[{"href":"https:\/\/dragonflygarden.eu\/hu\/wp-json\/wp\/v2\/media?parent=1200"}],"wp:term":[{"taxonomy":"product_brand","embeddable":true,"href":"https:\/\/dragonflygarden.eu\/hu\/wp-json\/wp\/v2\/product_brand?post=1200"},{"taxonomy":"product_cat","embeddable":true,"href":"https:\/\/dragonflygarden.eu\/hu\/wp-json\/wp\/v2\/product_cat?post=1200"},{"taxonomy":"product_tag","embeddable":true,"href":"https:\/\/dragonflygarden.eu\/hu\/wp-json\/wp\/v2\/product_tag?post=1200"}],"curies":[{"name":"wp","href":"https:\/\/api.w.org\/{rel}","templated":true}]}}