{"id":1197,"date":"2026-04-13T17:20:34","date_gmt":"2026-04-13T15:20:34","guid":{"rendered":"https:\/\/dragonflygarden.eu\/en\/?post_type=product&#038;p=1197"},"modified":"2026-04-15T13:08:00","modified_gmt":"2026-04-15T11:08:00","slug":"kecskeszarv-pepper-seedlings","status":"publish","type":"product","link":"https:\/\/dragonflygarden.eu\/hu\/product\/kecskeszarv-pepper-seedlings\/","title":{"rendered":"Paprika Kecskeszarv Pal\u00e1nt\u00e1k"},"content":{"rendered":"<p>Paprika Kecskeszarv<\/p>\n<p>K\u00fcl\u00f6nleges t\u00edpus. R\u00e9gi magyar fajta. Folytonn\u00f6v\u0151, magas, f\u00e9nyhi\u00e1nyra nem \u00e9rz\u00e9keny. Term\u00e9se vil\u00e1gosz\u00f6ld, hossz\u00fa, hegyes, cs\u00edp\u0151s, t\u00f6mege 20-25g. Korai hajtat\u00e1sban is j\u00f3l k\u00f6t. Szabadf\u00f6ld\u00f6n is termeszthet\u0151. Friss fogyasz- t\u00e1sra \u00e9s ecetes paprik\u00e1nak is alkalmas.<\/p>\n<p>Enyh\u00e9n cs\u00edp\u0151s paprika (4000\u20138000 <a id=\"mwFw\" class=\"mw-redirect\" title=\"Scoville-egys\u00e9g\" href=\"https:\/\/hu.wikipedia.org\/wiki\/Scoville-egys\u00e9g\" target=\"_blank\" rel=\"mw:WikiLink noopener\"><strong>Scoville-egys\u00e9g <\/strong><\/a><strong><a id=\"mwFw\" class=\"mw-redirect\" title=\"Scoville-egys\u00e9g\" href=\"https:\/\/hu.wikipedia.org\/wiki\/Scoville-egys\u00e9g\" rel=\"mw:WikiLink\"><span class=\"highlight\">&#x1f517;<\/span><\/a><\/strong>, azaz SHU)<\/p>\n<p>Minden pal\u00e1nta kiz\u00e1r\u00f3lag saj\u00e1t k\u00e9sz\u00edt\u00e9s\u0171 komposztunkban n\u0151, \u00e9s csak a saj\u00e1t k\u00e9sz\u00edt\u00e9s\u0171, n\u00f6v\u00e9nyi alap\u00fa term\u00e9szetes tr\u00e1gy\u00e1inkkal t\u00e1pl\u00e1ljuk \u0151ket.<\/p>\n<p>\u00c1r pal\u00e1nta szerint.<\/p>\n<p>\u0150stermel\u0151i term\u00e9k<\/p>\n<p>FELIR: AA2285344<br \/>\nNEBIH: 1035504570<\/p>\n<p>Csak k\u00f6zvetlen elvitelre helyb\u0151l.<\/p>\n","protected":false},"excerpt":{"rendered":"<p>Paprika Kecskeszarv<\/p>\n","protected":false},"featured_media":1174,"template":"","meta":{"_EventAllDay":false,"_EventTimezone":"","_EventStartDate":"","_EventEndDate":"","_EventStartDateUTC":"","_EventEndDateUTC":"","_EventShowMap":false,"_EventShowMapLink":false,"_EventURL":"","_EventCost":"","_EventCostDescription":"","_EventCurrencySymbol":"","_EventCurrencyCode":"","_EventCurrencyPosition":"","_EventDateTimeSeparator":"","_EventTimeRangeSeparator":"","_EventOrganizerID":[],"_EventVenueID":[],"_OrganizerEmail":"","_OrganizerPhone":"","_OrganizerWebsite":"","_VenueAddress":"","_VenueCity":"","_VenueCountry":"","_VenueProvince":"","_VenueState":"","_VenueZip":"","_VenuePhone":"","_VenueURL":"","_VenueStateProvince":"","_VenueLat":"","_VenueLng":"","_VenueShowMap":false,"_VenueShowMapLink":false,"_vp_format_video_url":"","_vp_image_focal_point":[]},"product_brand":[],"product_cat":[65,23,69],"product_tag":[54,61],"class_list":{"0":"post-1197","1":"product","2":"type-product","3":"status-publish","4":"has-post-thumbnail","6":"product_cat-peppers","7":"product_cat-seedlings","8":"product_cat-spicy","9":"product_tag-pepper","10":"product_tag-spicy","12":"first","13":"instock","14":"shipping-taxable","15":"purchasable","16":"product-type-simple"},"_links":{"self":[{"href":"https:\/\/dragonflygarden.eu\/hu\/wp-json\/wp\/v2\/product\/1197","targetHints":{"allow":["GET"]}}],"collection":[{"href":"https:\/\/dragonflygarden.eu\/hu\/wp-json\/wp\/v2\/product"}],"about":[{"href":"https:\/\/dragonflygarden.eu\/hu\/wp-json\/wp\/v2\/types\/product"}],"wp:featuredmedia":[{"embeddable":true,"href":"https:\/\/dragonflygarden.eu\/hu\/wp-json\/wp\/v2\/media\/1174"}],"wp:attachment":[{"href":"https:\/\/dragonflygarden.eu\/hu\/wp-json\/wp\/v2\/media?parent=1197"}],"wp:term":[{"taxonomy":"product_brand","embeddable":true,"href":"https:\/\/dragonflygarden.eu\/hu\/wp-json\/wp\/v2\/product_brand?post=1197"},{"taxonomy":"product_cat","embeddable":true,"href":"https:\/\/dragonflygarden.eu\/hu\/wp-json\/wp\/v2\/product_cat?post=1197"},{"taxonomy":"product_tag","embeddable":true,"href":"https:\/\/dragonflygarden.eu\/hu\/wp-json\/wp\/v2\/product_tag?post=1197"}],"curies":[{"name":"wp","href":"https:\/\/api.w.org\/{rel}","templated":true}]}}