{"id":1196,"date":"2026-04-13T17:12:35","date_gmt":"2026-04-13T15:12:35","guid":{"rendered":"https:\/\/dragonflygarden.eu\/en\/?post_type=product&#038;p=1196"},"modified":"2026-04-15T13:06:04","modified_gmt":"2026-04-15T11:06:04","slug":"dracula-pepper-seedlings","status":"publish","type":"product","link":"https:\/\/dragonflygarden.eu\/hu\/product\/dracula-pepper-seedlings\/","title":{"rendered":"Paprika Dracula Pal\u00e1nt\u00e1k"},"content":{"rendered":"<p>Paprika Dracula<\/p>\n<p>Nagyon term\u00e9keny fajta, a n\u00f6v\u00e9ny magass\u00e1ga 40-50 cm, tavaszi \u00e9s \u0151szi termeszt\u00e9sre egyar\u00e1nt javasolt. Term\u00e9se 18-22 cm hossz\u00fa, \u00e1tlagt\u00f6mege 35-50 g, sz\u00edne s\u00e1rg\u00e1s-z\u00f6ldb\u0151l pirosra v\u00e1ltozik teljes \u00e9r\u00e9skor.<\/p>\n<p>\u00c1r pal\u00e1nta szerint.<\/p>\n<p>Minden pal\u00e1nta kiz\u00e1r\u00f3lag saj\u00e1t k\u00e9sz\u00edt\u00e9s\u0171 komposztunkban n\u0151, \u00e9s csak a saj\u00e1t k\u00e9sz\u00edt\u00e9s\u0171, n\u00f6v\u00e9nyi alap\u00fa term\u00e9szetes tr\u00e1gy\u00e1inkkal t\u00e1pl\u00e1ljuk \u0151ket.<\/p>\n<p>\u0150stermel\u0151i term\u00e9k<\/p>\n<p>FELIR: AA2285344<br \/>\nNEBIH: 1035504570<\/p>\n<p>Csak k\u00f6zvetlen elvitelre helyb\u0151l.<\/p>\n<p>&nbsp;<\/p>\n","protected":false},"excerpt":{"rendered":"<p>Paprika Dracula. \u00c1r pal\u00e1nta szerint.<\/p>\n","protected":false},"featured_media":1168,"template":"","meta":{"_EventAllDay":false,"_EventTimezone":"","_EventStartDate":"","_EventEndDate":"","_EventStartDateUTC":"","_EventEndDateUTC":"","_EventShowMap":false,"_EventShowMapLink":false,"_EventURL":"","_EventCost":"","_EventCostDescription":"","_EventCurrencySymbol":"","_EventCurrencyCode":"","_EventCurrencyPosition":"","_EventDateTimeSeparator":"","_EventTimeRangeSeparator":"","_EventOrganizerID":[],"_EventVenueID":[],"_OrganizerEmail":"","_OrganizerPhone":"","_OrganizerWebsite":"","_VenueAddress":"","_VenueCity":"","_VenueCountry":"","_VenueProvince":"","_VenueState":"","_VenueZip":"","_VenuePhone":"","_VenueURL":"","_VenueStateProvince":"","_VenueLat":"","_VenueLng":"","_VenueShowMap":false,"_VenueShowMapLink":false,"_vp_format_video_url":"","_vp_image_focal_point":[]},"product_brand":[],"product_cat":[65,23,68],"product_tag":[54,27,67],"class_list":{"0":"post-1196","1":"product","2":"type-product","3":"status-publish","4":"has-post-thumbnail","6":"product_cat-peppers","7":"product_cat-seedlings","8":"product_cat-sweet","9":"product_tag-pepper","10":"product_tag-red","11":"product_tag-sweet","13":"first","14":"instock","15":"shipping-taxable","16":"purchasable","17":"product-type-simple"},"_links":{"self":[{"href":"https:\/\/dragonflygarden.eu\/hu\/wp-json\/wp\/v2\/product\/1196","targetHints":{"allow":["GET"]}}],"collection":[{"href":"https:\/\/dragonflygarden.eu\/hu\/wp-json\/wp\/v2\/product"}],"about":[{"href":"https:\/\/dragonflygarden.eu\/hu\/wp-json\/wp\/v2\/types\/product"}],"wp:featuredmedia":[{"embeddable":true,"href":"https:\/\/dragonflygarden.eu\/hu\/wp-json\/wp\/v2\/media\/1168"}],"wp:attachment":[{"href":"https:\/\/dragonflygarden.eu\/hu\/wp-json\/wp\/v2\/media?parent=1196"}],"wp:term":[{"taxonomy":"product_brand","embeddable":true,"href":"https:\/\/dragonflygarden.eu\/hu\/wp-json\/wp\/v2\/product_brand?post=1196"},{"taxonomy":"product_cat","embeddable":true,"href":"https:\/\/dragonflygarden.eu\/hu\/wp-json\/wp\/v2\/product_cat?post=1196"},{"taxonomy":"product_tag","embeddable":true,"href":"https:\/\/dragonflygarden.eu\/hu\/wp-json\/wp\/v2\/product_tag?post=1196"}],"curies":[{"name":"wp","href":"https:\/\/api.w.org\/{rel}","templated":true}]}}