{"id":1183,"date":"2026-04-13T15:02:20","date_gmt":"2026-04-13T13:02:20","guid":{"rendered":"https:\/\/dragonflygarden.eu\/en\/?post_type=product&#038;p=1183"},"modified":"2026-04-18T14:46:50","modified_gmt":"2026-04-18T12:46:50","slug":"zomok-tomato-seedlings","status":"publish","type":"product","link":"https:\/\/dragonflygarden.eu\/hu\/product\/zomok-tomato-seedlings\/","title":{"rendered":"Paradicsom Z\u00f6m\u00f6k Pal\u00e1nt\u00e1k"},"content":{"rendered":"<p>Paradicsom Z\u00f6m\u00f6k pal\u00e1nt\u00e1k<\/p>\n<p>Korai \u00e9r\u00e9s\u0171, determin\u00e1lt n\u00f6veked\u00e9s\u0171, friss fogyaszt\u00e1sra \u00e9s s\u0171- r\u00edtm\u00e9ny k\u00e9sz\u00edt\u00e9s\u00e9re alkalmas. Bogy\u00f3ja megny\u00falt sz\u00f6gletes, ke- m\u00e9ny, 60-70 g \u00e1tlagt\u00f6meg\u0171, sok\u00e1ig a sz\u00e1ron tarthat\u00f3, reped\u00e9sre nem hajlamos.<\/p>\n<p>Minden pal\u00e1nta kiz\u00e1r\u00f3lag saj\u00e1t k\u00e9sz\u00edt\u00e9s\u0171 komposztunkban n\u0151, \u00e9s csak a saj\u00e1t k\u00e9sz\u00edt\u00e9s\u0171, n\u00f6v\u00e9nyi alap\u00fa term\u00e9szetes tr\u00e1gy\u00e1inkkal t\u00e1pl\u00e1ljuk \u0151ket.<\/p>\n<p>\u00c1r pal\u00e1nta szerint.<\/p>\n<p>\u0150stermel\u0151i term\u00e9k<\/p>\n<p>FELIR: AA2285344<br \/>\nNEBIH: 1035504570<\/p>\n<p>Csak k\u00f6zvetlen elvitelre helyb\u0151l.<\/p>\n","protected":false},"excerpt":{"rendered":"<p>Paradicsom Z\u00f6m\u00f6k. \u00c1r pal\u00e1nta szerint.<\/p>\n","protected":false},"featured_media":1201,"template":"","meta":{"_EventAllDay":false,"_EventTimezone":"","_EventStartDate":"","_EventEndDate":"","_EventStartDateUTC":"","_EventEndDateUTC":"","_EventShowMap":false,"_EventShowMapLink":false,"_EventURL":"","_EventCost":"","_EventCostDescription":"","_EventCurrencySymbol":"","_EventCurrencyCode":"","_EventCurrencyPosition":"","_EventDateTimeSeparator":"","_EventTimeRangeSeparator":"","_EventOrganizerID":[],"_EventVenueID":[],"_OrganizerEmail":"","_OrganizerPhone":"","_OrganizerWebsite":"","_VenueAddress":"","_VenueCity":"","_VenueCountry":"","_VenueProvince":"","_VenueState":"","_VenueZip":"","_VenuePhone":"","_VenueURL":"","_VenueStateProvince":"","_VenueLat":"","_VenueLng":"","_VenueShowMap":false,"_VenueShowMapLink":false,"_vp_format_video_url":"","_vp_image_focal_point":[]},"product_brand":[],"product_cat":[23,64],"product_tag":[55],"class_list":{"0":"post-1183","1":"product","2":"type-product","3":"status-publish","4":"has-post-thumbnail","6":"product_cat-seedlings","7":"product_cat-tomatoes","8":"product_tag-tomato","10":"first","11":"instock","12":"shipping-taxable","13":"purchasable","14":"product-type-simple"},"_links":{"self":[{"href":"https:\/\/dragonflygarden.eu\/hu\/wp-json\/wp\/v2\/product\/1183","targetHints":{"allow":["GET"]}}],"collection":[{"href":"https:\/\/dragonflygarden.eu\/hu\/wp-json\/wp\/v2\/product"}],"about":[{"href":"https:\/\/dragonflygarden.eu\/hu\/wp-json\/wp\/v2\/types\/product"}],"wp:featuredmedia":[{"embeddable":true,"href":"https:\/\/dragonflygarden.eu\/hu\/wp-json\/wp\/v2\/media\/1201"}],"wp:attachment":[{"href":"https:\/\/dragonflygarden.eu\/hu\/wp-json\/wp\/v2\/media?parent=1183"}],"wp:term":[{"taxonomy":"product_brand","embeddable":true,"href":"https:\/\/dragonflygarden.eu\/hu\/wp-json\/wp\/v2\/product_brand?post=1183"},{"taxonomy":"product_cat","embeddable":true,"href":"https:\/\/dragonflygarden.eu\/hu\/wp-json\/wp\/v2\/product_cat?post=1183"},{"taxonomy":"product_tag","embeddable":true,"href":"https:\/\/dragonflygarden.eu\/hu\/wp-json\/wp\/v2\/product_tag?post=1183"}],"curies":[{"name":"wp","href":"https:\/\/api.w.org\/{rel}","templated":true}]}}