{"id":1179,"date":"2026-04-13T14:35:03","date_gmt":"2026-04-13T12:35:03","guid":{"rendered":"https:\/\/dragonflygarden.eu\/en\/?post_type=product&#038;p=1179"},"modified":"2026-04-18T14:46:50","modified_gmt":"2026-04-18T12:46:50","slug":"roma-tomatoes","status":"publish","type":"product","link":"https:\/\/dragonflygarden.eu\/hu\/product\/roma-tomatoes\/","title":{"rendered":"Paradicsom R\u00f3ma Pal\u00e1nt\u00e1k"},"content":{"rendered":"<p>Paradicsom R\u00f3ma pal\u00e1nt\u00e1k.<\/p>\n<p>K\u00f6zepesen k\u00e9s\u0151i \u00e9r\u00e9s\u0171, hossz\u00fak\u00e1s alak\u00fa, v\u00e9kony h\u00e9j\u00fa paradicsom. Kit\u0171n\u0151 l\u00e9paradicsom.<\/p>\n<p>Vet\u00e9s: Febru\u00e1r v\u00e9g\u00e9t\u0151l, korai \u00e1gy\u00e1sba vagy cser\u00e9pbe. M\u00e1jus k\u00f6zep\u00e9t\u0151l m\u00e1jus v\u00e9g\u00e9ig szabadf\u00f6ldbe. T\u00e1vols\u00e1g: 60 x 80 cm. Gondoz\u00e1s: Szereti a napos helyet, \u00e9s sok vizet, t\u00e1panyagot ig\u00e9nyel. Tartsuk gyom- mentesen. Megjegyz\u00e9sek: Kem\u00e9ny h\u00fas\u00fa term\u00e9s. Kiv\u00e1l\u00f3an alkalmas f\u0151z\u00e9sre, grillez\u00e9sre, paradicsomp\u00fcr\u00e9- nek \u00e9s paradicsoml\u00e9 k\u00e9sz\u00edt\u00e9s\u00e9re. Cs\u00edr\u00e1z\u00e1si id\u0151: 8 &#8211; 14 nap. Szed\u00e9s: J\u00falius\/augusztust\u00f3l.<\/p>\n<p>Lehet, hogy olaszorsz\u00e1gi \u00fatjair\u00f3l ismeri ezt a paradicsomfajt\u00e1t. Olaszorsz\u00e1gban \u00e9s napjainkban m\u00e1r eg\u00e9sz Eur\u00f3p\u00e1ban is kedvelik ezt a fajt\u00e1t intenz\u00edv \u00edze, l\u00e9d\u00fas, kem\u00e9ny h\u00fasa, v\u00e9kony h\u00e9ja miatt, k\u00fcl\u00f6n\u00f6sen peszt\u00f3hoz \u00e9s spagettisz\u00f3szhoz.<\/p>\n<p>Minden pal\u00e1nta kiz\u00e1r\u00f3lag saj\u00e1t k\u00e9sz\u00edt\u00e9s\u0171 komposztunkban n\u0151, \u00e9s csak a saj\u00e1t k\u00e9sz\u00edt\u00e9s\u0171, n\u00f6v\u00e9nyi alap\u00fa term\u00e9szetes tr\u00e1gy\u00e1inkkal t\u00e1pl\u00e1ljuk \u0151ket.<\/p>\n<p>\u00c1r pal\u00e1nta szerint.<\/p>\n<p>\u0150stermel\u0151i term\u00e9k<\/p>\n<p>FELIR: AA2285344<br \/>\nNEBIH: 1035504570<\/p>\n<p>Csak k\u00f6zvetlen elvitelre helyb\u0151l.<\/p>\n","protected":false},"excerpt":{"rendered":"<p>Paradicsom R\u00f3ma pal\u00e1nt\u00e1k. \u00c1r pal\u00e1nta szerint.<\/p>\n","protected":false},"featured_media":1160,"template":"","meta":{"_EventAllDay":false,"_EventTimezone":"","_EventStartDate":"","_EventEndDate":"","_EventStartDateUTC":"","_EventEndDateUTC":"","_EventShowMap":false,"_EventShowMapLink":false,"_EventURL":"","_EventCost":"","_EventCostDescription":"","_EventCurrencySymbol":"","_EventCurrencyCode":"","_EventCurrencyPosition":"","_EventDateTimeSeparator":"","_EventTimeRangeSeparator":"","_EventOrganizerID":[],"_EventVenueID":[],"_OrganizerEmail":"","_OrganizerPhone":"","_OrganizerWebsite":"","_VenueAddress":"","_VenueCity":"","_VenueCountry":"","_VenueProvince":"","_VenueState":"","_VenueZip":"","_VenuePhone":"","_VenueURL":"","_VenueStateProvince":"","_VenueLat":"","_VenueLng":"","_VenueShowMap":false,"_VenueShowMapLink":false,"_vp_format_video_url":"","_vp_image_focal_point":[]},"product_brand":[],"product_cat":[23,64],"product_tag":[55],"class_list":{"0":"post-1179","1":"product","2":"type-product","3":"status-publish","4":"has-post-thumbnail","6":"product_cat-seedlings","7":"product_cat-tomatoes","8":"product_tag-tomato","10":"first","11":"instock","12":"shipping-taxable","13":"purchasable","14":"product-type-simple"},"_links":{"self":[{"href":"https:\/\/dragonflygarden.eu\/hu\/wp-json\/wp\/v2\/product\/1179","targetHints":{"allow":["GET"]}}],"collection":[{"href":"https:\/\/dragonflygarden.eu\/hu\/wp-json\/wp\/v2\/product"}],"about":[{"href":"https:\/\/dragonflygarden.eu\/hu\/wp-json\/wp\/v2\/types\/product"}],"wp:featuredmedia":[{"embeddable":true,"href":"https:\/\/dragonflygarden.eu\/hu\/wp-json\/wp\/v2\/media\/1160"}],"wp:attachment":[{"href":"https:\/\/dragonflygarden.eu\/hu\/wp-json\/wp\/v2\/media?parent=1179"}],"wp:term":[{"taxonomy":"product_brand","embeddable":true,"href":"https:\/\/dragonflygarden.eu\/hu\/wp-json\/wp\/v2\/product_brand?post=1179"},{"taxonomy":"product_cat","embeddable":true,"href":"https:\/\/dragonflygarden.eu\/hu\/wp-json\/wp\/v2\/product_cat?post=1179"},{"taxonomy":"product_tag","embeddable":true,"href":"https:\/\/dragonflygarden.eu\/hu\/wp-json\/wp\/v2\/product_tag?post=1179"}],"curies":[{"name":"wp","href":"https:\/\/api.w.org\/{rel}","templated":true}]}}