{"id":1008,"date":"2026-04-10T14:52:59","date_gmt":"2026-04-10T12:52:59","guid":{"rendered":"https:\/\/dragonflygarden.eu\/en\/?post_type=product&#038;p=1008"},"modified":"2026-04-18T14:46:50","modified_gmt":"2026-04-18T12:46:50","slug":"romaine-lettuce-seedlings","status":"publish","type":"product","link":"https:\/\/dragonflygarden.eu\/hu\/product\/romaine-lettuce-seedlings\/","title":{"rendered":"R\u00f3mai Sal\u00e1ta Pal\u00e1nt\u00e1k"},"content":{"rendered":"<p>R\u00f3mai sal\u00e1ta &#8216;Little Gem&#8217;, Lactuca sativa<\/p>\n<p>Z\u00f6m\u00f6k, \u00e9des, roppan\u00f3s sal\u00e1ta frissen fogyaszt\u00e1sra. J\u00f3l termeszthet\u0151 d\u00e9zs\u00e1ban \u00e9s cser\u00e9pben is. F\u0151z\u00e9sre is alkalmas.<br \/>\nVet\u00e9s: Amint a talaj m\u0171velhet\u0151. Fagyt\u0171r\u0151 k\u00e9pess\u00e9ge r\u00e9v\u00e9n m\u00e1rcius\/\u00e1prilist\u00f3l 3 hetes sz\u00fcnetekkel eg\u00e9szen szep- temberig vethet\u0151. Vet\u00e9sm\u00e9lys\u00e9g:<\/p>\n<p>A magokat kb. 1 cm m\u00e9lyre vess\u00fck. T\u00e1vols\u00e1g: A magokat sorokba vess\u00fck 20 x 20 cm-es t\u00e9r\u00e1ll\u00e1ssal, majd takarjuk be egy v\u00e9kony f\u00f6ldr\u00e9teggel. Cs\u00edr\u00e1z\u00e1s ideje: 10-14 nap 6 \u00b0C -24 \u00b0C k\u00f6z\u00f6tt. Talaj: Humuszos, j\u00f3l el\u0151k\u00e9sz\u00edtett, laza talaj. Hely: Napost\u00f3l a f\u00e9l\u00e1rny\u00e9kosig, a v\u00e9dett helyet kedveli. Gondoz\u00e1s: A ny\u00e1ri h\u00f3napokban rendszeresen \u00e9s j\u00f3l \u00f6nt\u00f6zz\u00fck meg, m\u00e9rs\u00e9kelten tr\u00e1gy\u00e1zzuk. Betakar\u00edt\u00e1s: m\u00e1just\u00f3l. Ha 3 he- tente \u00fajra vetj\u00fck, akkor eg\u00e9szen az \u0151szbe men\u0151en folyamatosan lesz friss sal\u00e1t\u00e1nk. A n\u00f6v\u00e9nyek igen fagyt\u0171r\u0151ek. SD Calm Domana &#8216;Little Gem&#8217;, Lactuca sativa tliava<\/p>\n<p>Minden pal\u00e1nta kiz\u00e1r\u00f3lag saj\u00e1t k\u00e9sz\u00edt\u00e9s\u0171 komposztunkban n\u0151, \u00e9s csak a saj\u00e1t k\u00e9sz\u00edt\u00e9s\u0171, n\u00f6v\u00e9nyi alap\u00fa term\u00e9szetes tr\u00e1gy\u00e1inkkal t\u00e1pl\u00e1ljuk \u0151ket.<\/p>\n<div class=\"gmail_default\">\u00c1r pal\u00e1nta szerint.<\/div>\n<p>\u0150stermel\u0151i term\u00e9k<\/p>\n<p>FELIR: AA2285344<br \/>\nNEBIH: 1035504570<\/p>\n<p>Csak k\u00f6zvetlen elvitelre helyb\u0151l.<\/p>\n","protected":false},"excerpt":{"rendered":"<p>R\u00f3mai sal\u00e1ta pal\u00e1nt\u00e1k.<\/p>\n<p>\u00c1r pal\u00e1nta szerint.<\/p>\n","protected":false},"featured_media":1103,"template":"","meta":{"_EventAllDay":false,"_EventTimezone":"","_EventStartDate":"","_EventEndDate":"","_EventStartDateUTC":"","_EventEndDateUTC":"","_EventShowMap":false,"_EventShowMapLink":false,"_EventURL":"","_EventCost":"","_EventCostDescription":"","_EventCurrencySymbol":"","_EventCurrencyCode":"","_EventCurrencyPosition":"","_EventDateTimeSeparator":"","_EventTimeRangeSeparator":"","_EventOrganizerID":[],"_EventVenueID":[],"_OrganizerEmail":"","_OrganizerPhone":"","_OrganizerWebsite":"","_VenueAddress":"","_VenueCity":"","_VenueCountry":"","_VenueProvince":"","_VenueState":"","_VenueZip":"","_VenuePhone":"","_VenueURL":"","_VenueStateProvince":"","_VenueLat":"","_VenueLng":"","_VenueShowMap":false,"_VenueShowMapLink":false,"_vp_format_video_url":"","_vp_image_focal_point":[]},"product_brand":[],"product_cat":[66,23],"product_tag":[62,56],"class_list":{"0":"post-1008","1":"product","2":"type-product","3":"status-publish","4":"has-post-thumbnail","6":"product_cat-lettuce","7":"product_cat-seedlings","8":"product_tag-green","9":"product_tag-lettuce","11":"first","12":"instock","13":"shipping-taxable","14":"purchasable","15":"product-type-simple"},"_links":{"self":[{"href":"https:\/\/dragonflygarden.eu\/hu\/wp-json\/wp\/v2\/product\/1008","targetHints":{"allow":["GET"]}}],"collection":[{"href":"https:\/\/dragonflygarden.eu\/hu\/wp-json\/wp\/v2\/product"}],"about":[{"href":"https:\/\/dragonflygarden.eu\/hu\/wp-json\/wp\/v2\/types\/product"}],"wp:featuredmedia":[{"embeddable":true,"href":"https:\/\/dragonflygarden.eu\/hu\/wp-json\/wp\/v2\/media\/1103"}],"wp:attachment":[{"href":"https:\/\/dragonflygarden.eu\/hu\/wp-json\/wp\/v2\/media?parent=1008"}],"wp:term":[{"taxonomy":"product_brand","embeddable":true,"href":"https:\/\/dragonflygarden.eu\/hu\/wp-json\/wp\/v2\/product_brand?post=1008"},{"taxonomy":"product_cat","embeddable":true,"href":"https:\/\/dragonflygarden.eu\/hu\/wp-json\/wp\/v2\/product_cat?post=1008"},{"taxonomy":"product_tag","embeddable":true,"href":"https:\/\/dragonflygarden.eu\/hu\/wp-json\/wp\/v2\/product_tag?post=1008"}],"curies":[{"name":"wp","href":"https:\/\/api.w.org\/{rel}","templated":true}]}}