{"id":1003,"date":"2026-04-09T11:51:40","date_gmt":"2026-04-09T09:51:40","guid":{"rendered":"https:\/\/dragonflygarden.eu\/en\/?post_type=product&#038;p=1003"},"modified":"2026-04-18T14:46:50","modified_gmt":"2026-04-18T12:46:50","slug":"spring-garlic","status":"publish","type":"product","link":"https:\/\/dragonflygarden.eu\/hu\/product\/spring-garlic\/","title":{"rendered":"Tavaszi fokhagyma"},"content":{"rendered":"<div>Tavaszi fokhagyma. Olyan, mint a tavaszi hagyma,\u00a0<span class=\"gmail_default\">viszont<\/span> fokhagyma. Az eg\u00e9sz n\u00f6v\u00e9ny ehet\u0151. Haszn\u00e1lhat\u00f3 a ny\u00e1ri fokhagym\u00e1hoz hasonl\u00f3an minden f\u0151z\u00e9shez<span class=\"gmail_default\">, de<\/span> sal\u00e1t\u00e1kban \u00e9s levesekben is felhaszn\u00e1lhat\u00f3 d\u00edsz\u00edt\u00e9sk\u00e9nt.<\/div>\n<p>Az \u00e1r k\u00f6tegenk\u00e9nt \u00e9rtend\u0151. A k\u00f6tegben l\u00e9v\u0151 darabsz\u00e1m v\u00e1ltozhat a s\u00faly egys\u00e9gess\u00e9ge \u00e9rdek\u00e9ben.<\/p>\n<div><\/div>\n<div class=\"gmail_default\">\u0150stermel\u0151i term\u00e9k<\/div>\n<p>FELIR: AA2285344<br \/>\nNEBIH: 1035504570<\/p>\n<p>Csak k\u00f6zvetlen elvitelre helyb\u0151l.<\/p>\n","protected":false},"excerpt":{"rendered":"<p>Tavaszi fokhagyma. Olyan, mint a tavaszi hagyma,\u00a0<span class=\"gmail_default\">viszont<\/span> fokhagyma. Az eg\u00e9sz n\u00f6v\u00e9ny ehet\u0151.<\/p>\n<p>Az \u00e1r k\u00f6tegenk\u00e9nt \u00e9rtend\u0151.<\/p>\n","protected":false},"featured_media":1004,"template":"","meta":{"_EventAllDay":false,"_EventTimezone":"","_EventStartDate":"","_EventEndDate":"","_EventStartDateUTC":"","_EventEndDateUTC":"","_EventShowMap":false,"_EventShowMapLink":false,"_EventURL":"","_EventCost":"","_EventCostDescription":"","_EventCurrencySymbol":"","_EventCurrencyCode":"","_EventCurrencyPosition":"","_EventDateTimeSeparator":"","_EventTimeRangeSeparator":"","_EventOrganizerID":[],"_EventVenueID":[],"_OrganizerEmail":"","_OrganizerPhone":"","_OrganizerWebsite":"","_VenueAddress":"","_VenueCity":"","_VenueCountry":"","_VenueProvince":"","_VenueState":"","_VenueZip":"","_VenuePhone":"","_VenueURL":"","_VenueStateProvince":"","_VenueLat":"","_VenueLng":"","_VenueShowMap":false,"_VenueShowMapLink":false,"_vp_format_video_url":"","_vp_image_focal_point":[]},"product_brand":[],"product_cat":[26],"product_tag":[],"class_list":{"0":"post-1003","1":"product","2":"type-product","3":"status-publish","4":"has-post-thumbnail","6":"product_cat-vegi","8":"first","9":"instock","10":"shipping-taxable","11":"purchasable","12":"product-type-simple"},"_links":{"self":[{"href":"https:\/\/dragonflygarden.eu\/hu\/wp-json\/wp\/v2\/product\/1003","targetHints":{"allow":["GET"]}}],"collection":[{"href":"https:\/\/dragonflygarden.eu\/hu\/wp-json\/wp\/v2\/product"}],"about":[{"href":"https:\/\/dragonflygarden.eu\/hu\/wp-json\/wp\/v2\/types\/product"}],"wp:featuredmedia":[{"embeddable":true,"href":"https:\/\/dragonflygarden.eu\/hu\/wp-json\/wp\/v2\/media\/1004"}],"wp:attachment":[{"href":"https:\/\/dragonflygarden.eu\/hu\/wp-json\/wp\/v2\/media?parent=1003"}],"wp:term":[{"taxonomy":"product_brand","embeddable":true,"href":"https:\/\/dragonflygarden.eu\/hu\/wp-json\/wp\/v2\/product_brand?post=1003"},{"taxonomy":"product_cat","embeddable":true,"href":"https:\/\/dragonflygarden.eu\/hu\/wp-json\/wp\/v2\/product_cat?post=1003"},{"taxonomy":"product_tag","embeddable":true,"href":"https:\/\/dragonflygarden.eu\/hu\/wp-json\/wp\/v2\/product_tag?post=1003"}],"curies":[{"name":"wp","href":"https:\/\/api.w.org\/{rel}","templated":true}]}}