{"id":1196,"date":"2026-04-13T17:12:35","date_gmt":"2026-04-13T15:12:35","guid":{"rendered":"https:\/\/dragonflygarden.eu\/en\/?post_type=product&#038;p=1196"},"modified":"2026-04-15T13:06:04","modified_gmt":"2026-04-15T11:06:04","slug":"dracula-pepper-seedlings","status":"publish","type":"product","link":"https:\/\/dragonflygarden.eu\/de\/product\/dracula-pepper-seedlings\/","title":{"rendered":"Paprika Dracula Setzlinge"},"content":{"rendered":"<p>Paprika Dracula<\/p>\n<p>Lange, sehr ertragreiche Peperonisorte. Wuchsh\u00f6he der Pflanzen 40-50 cm, geeignet f\u00fcr den Fr\u00fchjahrs- und Herbstanbau. Fr\u00fcchte schmecken leicht scharf, reifen von gelb-gr\u00fcn nach rot ab, sind 18-22 cm lang und haben ein durchschnittliches Gewicht von 35-50g.<\/p>\n<p>Der Preis ist pro Setzling.<\/p>\n<p>Alle Setzlinge werden ausschlie\u00dflich in unserem selbst hergestellten Kompost gezogen und mit unseren nat\u00fcrlichen, selbst hergestellten pflanzlichen D\u00fcngemitteln ged\u00fcngt.<\/p>\n<p>Originalprodukt des Produzenten.<\/p>\n<p>FELIR: AA2285344<br \/>\nNEBIH: 1035504570<\/p>\n<p>Nur direkte Produktabholung.<\/p>\n<p>&nbsp;<\/p>\n","protected":false},"excerpt":{"rendered":"<p>Paprika Dracula. Der Preis ist pro Setzling.<\/p>\n","protected":false},"featured_media":1168,"template":"","meta":{"_EventAllDay":false,"_EventTimezone":"","_EventStartDate":"","_EventEndDate":"","_EventStartDateUTC":"","_EventEndDateUTC":"","_EventShowMap":false,"_EventShowMapLink":false,"_EventURL":"","_EventCost":"","_EventCostDescription":"","_EventCurrencySymbol":"","_EventCurrencyCode":"","_EventCurrencyPosition":"","_EventDateTimeSeparator":"","_EventTimeRangeSeparator":"","_EventOrganizerID":[],"_EventVenueID":[],"_OrganizerEmail":"","_OrganizerPhone":"","_OrganizerWebsite":"","_VenueAddress":"","_VenueCity":"","_VenueCountry":"","_VenueProvince":"","_VenueState":"","_VenueZip":"","_VenuePhone":"","_VenueURL":"","_VenueStateProvince":"","_VenueLat":"","_VenueLng":"","_VenueShowMap":false,"_VenueShowMapLink":false,"_vp_format_video_url":"","_vp_image_focal_point":[]},"product_brand":[],"product_cat":[65,23,68],"product_tag":[54,27,67],"class_list":{"0":"post-1196","1":"product","2":"type-product","3":"status-publish","4":"has-post-thumbnail","6":"product_cat-peppers","7":"product_cat-seedlings","8":"product_cat-sweet","9":"product_tag-pepper","10":"product_tag-red","11":"product_tag-sweet","13":"first","14":"instock","15":"shipping-taxable","16":"purchasable","17":"product-type-simple"},"_links":{"self":[{"href":"https:\/\/dragonflygarden.eu\/de\/wp-json\/wp\/v2\/product\/1196","targetHints":{"allow":["GET"]}}],"collection":[{"href":"https:\/\/dragonflygarden.eu\/de\/wp-json\/wp\/v2\/product"}],"about":[{"href":"https:\/\/dragonflygarden.eu\/de\/wp-json\/wp\/v2\/types\/product"}],"wp:featuredmedia":[{"embeddable":true,"href":"https:\/\/dragonflygarden.eu\/de\/wp-json\/wp\/v2\/media\/1168"}],"wp:attachment":[{"href":"https:\/\/dragonflygarden.eu\/de\/wp-json\/wp\/v2\/media?parent=1196"}],"wp:term":[{"taxonomy":"product_brand","embeddable":true,"href":"https:\/\/dragonflygarden.eu\/de\/wp-json\/wp\/v2\/product_brand?post=1196"},{"taxonomy":"product_cat","embeddable":true,"href":"https:\/\/dragonflygarden.eu\/de\/wp-json\/wp\/v2\/product_cat?post=1196"},{"taxonomy":"product_tag","embeddable":true,"href":"https:\/\/dragonflygarden.eu\/de\/wp-json\/wp\/v2\/product_tag?post=1196"}],"curies":[{"name":"wp","href":"https:\/\/api.w.org\/{rel}","templated":true}]}}