{"id":1189,"date":"2026-04-13T15:43:30","date_gmt":"2026-04-13T13:43:30","guid":{"rendered":"https:\/\/dragonflygarden.eu\/en\/?post_type=product&#038;p=1189"},"modified":"2026-04-18T15:18:11","modified_gmt":"2026-04-18T13:18:11","slug":"large-slicing-tomato-seedlings","status":"publish","type":"product","link":"https:\/\/dragonflygarden.eu\/de\/product\/large-slicing-tomato-seedlings\/","title":{"rendered":"Gro\u00dfe gut schneidbare Tomaten Setzlinge"},"content":{"rendered":"<p>Gro\u00dfe <span class=\"gmail_default\">gut schneidbare Tomaten<\/span><\/p>\n<p>Gro\u00dfe, runde Tomaten. Dick<span class=\"gmail_default\"> un dfleischig.\u00a0<\/span>Hervorragend zum Schneiden f\u00fcr Sandwiches, zum Zubereiten von So\u00dfen, zum Einkochen und Trocknen.<\/p>\n<p>Der Preis ist pro Setzling.<\/p>\n<p>Alle Setzlinge werden ausschlie\u00dflich in unserem selbst hergestellten Kompost gezogen und mit unseren nat\u00fcrlichen, selbst hergestellten pflanzlichen D\u00fcngemitteln ged\u00fcngt.<\/p>\n<p>Originalprodukt des Produzenten.<\/p>\n<p>FELIR: AA2285344<br \/>\nNEBIH: 1035504570<\/p>\n<p>Nur direkte Produktabholung.<\/p>\n<p>&nbsp;<\/p>\n","protected":false},"excerpt":{"rendered":"<p>Gro\u00dfe <span class=\"gmail_default\">gut schneidbare Tomaten<\/span>. Der Preis ist pro Setzling.<\/p>\n","protected":false},"featured_media":1156,"template":"","meta":{"_EventAllDay":false,"_EventTimezone":"","_EventStartDate":"","_EventEndDate":"","_EventStartDateUTC":"","_EventEndDateUTC":"","_EventShowMap":false,"_EventShowMapLink":false,"_EventURL":"","_EventCost":"","_EventCostDescription":"","_EventCurrencySymbol":"","_EventCurrencyCode":"","_EventCurrencyPosition":"","_EventDateTimeSeparator":"","_EventTimeRangeSeparator":"","_EventOrganizerID":[],"_EventVenueID":[],"_OrganizerEmail":"","_OrganizerPhone":"","_OrganizerWebsite":"","_VenueAddress":"","_VenueCity":"","_VenueCountry":"","_VenueProvince":"","_VenueState":"","_VenueZip":"","_VenuePhone":"","_VenueURL":"","_VenueStateProvince":"","_VenueLat":"","_VenueLng":"","_VenueShowMap":false,"_VenueShowMapLink":false,"_vp_format_video_url":"","_vp_image_focal_point":[]},"product_brand":[],"product_cat":[23,64],"product_tag":[55],"class_list":{"0":"post-1189","1":"product","2":"type-product","3":"status-publish","4":"has-post-thumbnail","6":"product_cat-seedlings","7":"product_cat-tomatoes","8":"product_tag-tomato","10":"first","11":"instock","12":"shipping-taxable","13":"purchasable","14":"product-type-simple"},"_links":{"self":[{"href":"https:\/\/dragonflygarden.eu\/de\/wp-json\/wp\/v2\/product\/1189","targetHints":{"allow":["GET"]}}],"collection":[{"href":"https:\/\/dragonflygarden.eu\/de\/wp-json\/wp\/v2\/product"}],"about":[{"href":"https:\/\/dragonflygarden.eu\/de\/wp-json\/wp\/v2\/types\/product"}],"wp:featuredmedia":[{"embeddable":true,"href":"https:\/\/dragonflygarden.eu\/de\/wp-json\/wp\/v2\/media\/1156"}],"wp:attachment":[{"href":"https:\/\/dragonflygarden.eu\/de\/wp-json\/wp\/v2\/media?parent=1189"}],"wp:term":[{"taxonomy":"product_brand","embeddable":true,"href":"https:\/\/dragonflygarden.eu\/de\/wp-json\/wp\/v2\/product_brand?post=1189"},{"taxonomy":"product_cat","embeddable":true,"href":"https:\/\/dragonflygarden.eu\/de\/wp-json\/wp\/v2\/product_cat?post=1189"},{"taxonomy":"product_tag","embeddable":true,"href":"https:\/\/dragonflygarden.eu\/de\/wp-json\/wp\/v2\/product_tag?post=1189"}],"curies":[{"name":"wp","href":"https:\/\/api.w.org\/{rel}","templated":true}]}}