{"id":1183,"date":"2026-04-13T15:02:20","date_gmt":"2026-04-13T13:02:20","guid":{"rendered":"https:\/\/dragonflygarden.eu\/en\/?post_type=product&#038;p=1183"},"modified":"2026-04-18T14:46:50","modified_gmt":"2026-04-18T12:46:50","slug":"zomok-tomato-seedlings","status":"publish","type":"product","link":"https:\/\/dragonflygarden.eu\/de\/product\/zomok-tomato-seedlings\/","title":{"rendered":"Tomate Z\u00f6m\u00f6k Setzlinge"},"content":{"rendered":"<p>Tomate Z\u00f6m\u00f6k<\/p>\n<p>Fr\u00fche Sorte mit determinatem Wuchs f\u00fcr den Frischverzehr und zur Herstellung von Tomatenmark. L\u00e4ngliche, feste, 60-70 g schwere Fr\u00fcchte, halten gut am Stiel, neigen nicht zum Platzen.<\/p>\n<p>Alle Setzlinge werden ausschlie\u00dflich in unserem selbst hergestellten Kompost gezogen und mit unseren nat\u00fcrlichen, selbst hergestellten pflanzlichen D\u00fcngemitteln ged\u00fcngt.<\/p>\n<p>Der Preis ist pro Setzling.<\/p>\n<p>Originalprodukt des Produzenten.<\/p>\n<p>FELIR: AA2285344<br \/>\nNEBIH: 1035504570<\/p>\n<p>Nur direkte Produktabholung.<\/p>\n<p>&nbsp;<\/p>\n","protected":false},"excerpt":{"rendered":"<p>Tomate Z\u00f6m\u00f6k. Der Preis ist pro Setzling.<\/p>\n","protected":false},"featured_media":1201,"template":"","meta":{"_EventAllDay":false,"_EventTimezone":"","_EventStartDate":"","_EventEndDate":"","_EventStartDateUTC":"","_EventEndDateUTC":"","_EventShowMap":false,"_EventShowMapLink":false,"_EventURL":"","_EventCost":"","_EventCostDescription":"","_EventCurrencySymbol":"","_EventCurrencyCode":"","_EventCurrencyPosition":"","_EventDateTimeSeparator":"","_EventTimeRangeSeparator":"","_EventOrganizerID":[],"_EventVenueID":[],"_OrganizerEmail":"","_OrganizerPhone":"","_OrganizerWebsite":"","_VenueAddress":"","_VenueCity":"","_VenueCountry":"","_VenueProvince":"","_VenueState":"","_VenueZip":"","_VenuePhone":"","_VenueURL":"","_VenueStateProvince":"","_VenueLat":"","_VenueLng":"","_VenueShowMap":false,"_VenueShowMapLink":false,"_vp_format_video_url":"","_vp_image_focal_point":[]},"product_brand":[],"product_cat":[23,64],"product_tag":[55],"class_list":{"0":"post-1183","1":"product","2":"type-product","3":"status-publish","4":"has-post-thumbnail","6":"product_cat-seedlings","7":"product_cat-tomatoes","8":"product_tag-tomato","10":"first","11":"instock","12":"shipping-taxable","13":"purchasable","14":"product-type-simple"},"_links":{"self":[{"href":"https:\/\/dragonflygarden.eu\/de\/wp-json\/wp\/v2\/product\/1183","targetHints":{"allow":["GET"]}}],"collection":[{"href":"https:\/\/dragonflygarden.eu\/de\/wp-json\/wp\/v2\/product"}],"about":[{"href":"https:\/\/dragonflygarden.eu\/de\/wp-json\/wp\/v2\/types\/product"}],"wp:featuredmedia":[{"embeddable":true,"href":"https:\/\/dragonflygarden.eu\/de\/wp-json\/wp\/v2\/media\/1201"}],"wp:attachment":[{"href":"https:\/\/dragonflygarden.eu\/de\/wp-json\/wp\/v2\/media?parent=1183"}],"wp:term":[{"taxonomy":"product_brand","embeddable":true,"href":"https:\/\/dragonflygarden.eu\/de\/wp-json\/wp\/v2\/product_brand?post=1183"},{"taxonomy":"product_cat","embeddable":true,"href":"https:\/\/dragonflygarden.eu\/de\/wp-json\/wp\/v2\/product_cat?post=1183"},{"taxonomy":"product_tag","embeddable":true,"href":"https:\/\/dragonflygarden.eu\/de\/wp-json\/wp\/v2\/product_tag?post=1183"}],"curies":[{"name":"wp","href":"https:\/\/api.w.org\/{rel}","templated":true}]}}