{"id":1179,"date":"2026-04-13T14:35:03","date_gmt":"2026-04-13T12:35:03","guid":{"rendered":"https:\/\/dragonflygarden.eu\/en\/?post_type=product&#038;p=1179"},"modified":"2026-04-18T14:46:50","modified_gmt":"2026-04-18T12:46:50","slug":"roma-tomatoes","status":"publish","type":"product","link":"https:\/\/dragonflygarden.eu\/de\/product\/roma-tomatoes\/","title":{"rendered":"Tomate Roma Setzlinge"},"content":{"rendered":"<p>Tomate Roma.<\/p>\n<p>Mittelsp\u00e4t reifende, ovale Tomaten mit d\u00fcnner Schale. Ausgezeichnete Safttomate.<\/p>\n<p>Aussaat: Ab Ende Februar ins Fr\u00fchbeet oder in T\u00f6pfe. Mitte bis Ende Mai ins Freiland. Abstand: 60 x 80 cm. Pflege: Sie lieben einen vollsonnigen Standort und verlangen viel Wasser und N\u00e4hrstoffe. Unkrautfrei halten. Hinweise: Festfleischige Fr\u00fcchte. Besonders geeignet zum Kochen und Grillen sowie zur Herstellung von Tomatenmark und Tomatensaft. Keimzeit: 8-14 Tage. Ernte: Ab Juli\/August.<\/p>\n<p>Diese Tomate kennen Sie m\u00f6glicherweise aus Ihrem Italienurlaub. Dort und mittlerweile in ganz Europa wird die Sorte wegen ihres intensiven Geschmacks dem saftigen, festen Fleisch und der zarten Haut besonders f\u00fcr Pesto und Sauce zu Spaghetti gesch\u00e4tzt.<\/p>\n<p>Alle Setzlinge werden ausschlie\u00dflich in unserem selbst hergestellten Kompost gezogen und mit unseren nat\u00fcrlichen, selbst hergestellten pflanzlichen D\u00fcngemitteln ged\u00fcngt.<\/p>\n<p>Der Preis ist pro Setzling.<\/p>\n<p>Originalprodukt des Produzenten.<\/p>\n<p>FELIR: AA2285344<br \/>\nNEBIH: 1035504570<\/p>\n<p>Nur direkte Produktabholung.<\/p>\n","protected":false},"excerpt":{"rendered":"<p>Tomate Roma. Der Preis ist pro Setzling.<\/p>\n","protected":false},"featured_media":1160,"template":"","meta":{"_EventAllDay":false,"_EventTimezone":"","_EventStartDate":"","_EventEndDate":"","_EventStartDateUTC":"","_EventEndDateUTC":"","_EventShowMap":false,"_EventShowMapLink":false,"_EventURL":"","_EventCost":"","_EventCostDescription":"","_EventCurrencySymbol":"","_EventCurrencyCode":"","_EventCurrencyPosition":"","_EventDateTimeSeparator":"","_EventTimeRangeSeparator":"","_EventOrganizerID":[],"_EventVenueID":[],"_OrganizerEmail":"","_OrganizerPhone":"","_OrganizerWebsite":"","_VenueAddress":"","_VenueCity":"","_VenueCountry":"","_VenueProvince":"","_VenueState":"","_VenueZip":"","_VenuePhone":"","_VenueURL":"","_VenueStateProvince":"","_VenueLat":"","_VenueLng":"","_VenueShowMap":false,"_VenueShowMapLink":false,"_vp_format_video_url":"","_vp_image_focal_point":[]},"product_brand":[],"product_cat":[23,64],"product_tag":[55],"class_list":{"0":"post-1179","1":"product","2":"type-product","3":"status-publish","4":"has-post-thumbnail","6":"product_cat-seedlings","7":"product_cat-tomatoes","8":"product_tag-tomato","10":"first","11":"instock","12":"shipping-taxable","13":"purchasable","14":"product-type-simple"},"_links":{"self":[{"href":"https:\/\/dragonflygarden.eu\/de\/wp-json\/wp\/v2\/product\/1179","targetHints":{"allow":["GET"]}}],"collection":[{"href":"https:\/\/dragonflygarden.eu\/de\/wp-json\/wp\/v2\/product"}],"about":[{"href":"https:\/\/dragonflygarden.eu\/de\/wp-json\/wp\/v2\/types\/product"}],"wp:featuredmedia":[{"embeddable":true,"href":"https:\/\/dragonflygarden.eu\/de\/wp-json\/wp\/v2\/media\/1160"}],"wp:attachment":[{"href":"https:\/\/dragonflygarden.eu\/de\/wp-json\/wp\/v2\/media?parent=1179"}],"wp:term":[{"taxonomy":"product_brand","embeddable":true,"href":"https:\/\/dragonflygarden.eu\/de\/wp-json\/wp\/v2\/product_brand?post=1179"},{"taxonomy":"product_cat","embeddable":true,"href":"https:\/\/dragonflygarden.eu\/de\/wp-json\/wp\/v2\/product_cat?post=1179"},{"taxonomy":"product_tag","embeddable":true,"href":"https:\/\/dragonflygarden.eu\/de\/wp-json\/wp\/v2\/product_tag?post=1179"}],"curies":[{"name":"wp","href":"https:\/\/api.w.org\/{rel}","templated":true}]}}