{"id":1008,"date":"2026-04-10T14:52:59","date_gmt":"2026-04-10T12:52:59","guid":{"rendered":"https:\/\/dragonflygarden.eu\/en\/?post_type=product&#038;p=1008"},"modified":"2026-04-18T14:46:50","modified_gmt":"2026-04-18T12:46:50","slug":"romaine-lettuce-seedlings","status":"publish","type":"product","link":"https:\/\/dragonflygarden.eu\/de\/product\/romaine-lettuce-seedlings\/","title":{"rendered":"Romana-Salat"},"content":{"rendered":"<p>Romana-Salat &#8218;Little Gem, Lactuca sativa<\/p>\n<p>Ein kompakter, s\u00fc\u00dfer, knackiger Salat, zum frischen Verzehr. Gut geeignet f\u00fcr den Aufwuchs in K\u00fcbeln oder T\u00f6pfen. Auch zum Kochen geeignet.<\/p>\n<p>Aussaat: Sobald sich der Boden bearbeiten l\u00e4sst. Durch seine Frostvertr\u00e4glichkeit l\u00e4sst er sich ab M\u00e4rz\/April in Abst\u00e4nden von 3 Wochen bis September auss\u00e4en. Saattiefe: Die Samen ca. 1 cm tief legen. Abstand: Die Samen werden in Reihen im Abstand von 20 x 20 cm in die Erde gegeben und mit einer d\u00fcnnen Erdschicht bedeckt. Keimdauer: 10-14 Tage ab 6\u00b0C bis 24 \u00b0C. Boden: Mit Humus gut vorbereiteter, lockerer Boden. Standort: Sonniger bis halbschattiger, gesch\u00fctzter Standort. Pflege: In den Sommermonaten regelm\u00e4\u00dfig und gut bew\u00e4s sem, m\u00e4\u00dfig d\u00fcngen. Ernte: Ab Mai. S\u00e4t man alle 3 Wochen nach, kann man bis in den Herbst hinein permanent frischen Salat ernten. Die Pflanzen sind recht frosthart.<\/p>\n<p>Der Preis ist pro Setzling.<\/p>\n<p>Originalprodukt des Produzenten.<\/p>\n<p>FELIR: AA2285344<br \/>\nNEBIH: 1035504570<\/p>\n<p>Nur direkte Produktabholung.<\/p>\n<p>&nbsp;<\/p>\n","protected":false},"excerpt":{"rendered":"<p>Romaine lettuce seedlings. Price is per seedling.<\/p>\n","protected":false},"featured_media":1103,"template":"","meta":{"_EventAllDay":false,"_EventTimezone":"","_EventStartDate":"","_EventEndDate":"","_EventStartDateUTC":"","_EventEndDateUTC":"","_EventShowMap":false,"_EventShowMapLink":false,"_EventURL":"","_EventCost":"","_EventCostDescription":"","_EventCurrencySymbol":"","_EventCurrencyCode":"","_EventCurrencyPosition":"","_EventDateTimeSeparator":"","_EventTimeRangeSeparator":"","_EventOrganizerID":[],"_EventVenueID":[],"_OrganizerEmail":"","_OrganizerPhone":"","_OrganizerWebsite":"","_VenueAddress":"","_VenueCity":"","_VenueCountry":"","_VenueProvince":"","_VenueState":"","_VenueZip":"","_VenuePhone":"","_VenueURL":"","_VenueStateProvince":"","_VenueLat":"","_VenueLng":"","_VenueShowMap":false,"_VenueShowMapLink":false,"_vp_format_video_url":"","_vp_image_focal_point":[]},"product_brand":[],"product_cat":[66,23],"product_tag":[62,56],"class_list":{"0":"post-1008","1":"product","2":"type-product","3":"status-publish","4":"has-post-thumbnail","6":"product_cat-lettuce","7":"product_cat-seedlings","8":"product_tag-green","9":"product_tag-lettuce","11":"first","12":"instock","13":"shipping-taxable","14":"purchasable","15":"product-type-simple"},"_links":{"self":[{"href":"https:\/\/dragonflygarden.eu\/de\/wp-json\/wp\/v2\/product\/1008","targetHints":{"allow":["GET"]}}],"collection":[{"href":"https:\/\/dragonflygarden.eu\/de\/wp-json\/wp\/v2\/product"}],"about":[{"href":"https:\/\/dragonflygarden.eu\/de\/wp-json\/wp\/v2\/types\/product"}],"wp:featuredmedia":[{"embeddable":true,"href":"https:\/\/dragonflygarden.eu\/de\/wp-json\/wp\/v2\/media\/1103"}],"wp:attachment":[{"href":"https:\/\/dragonflygarden.eu\/de\/wp-json\/wp\/v2\/media?parent=1008"}],"wp:term":[{"taxonomy":"product_brand","embeddable":true,"href":"https:\/\/dragonflygarden.eu\/de\/wp-json\/wp\/v2\/product_brand?post=1008"},{"taxonomy":"product_cat","embeddable":true,"href":"https:\/\/dragonflygarden.eu\/de\/wp-json\/wp\/v2\/product_cat?post=1008"},{"taxonomy":"product_tag","embeddable":true,"href":"https:\/\/dragonflygarden.eu\/de\/wp-json\/wp\/v2\/product_tag?post=1008"}],"curies":[{"name":"wp","href":"https:\/\/api.w.org\/{rel}","templated":true}]}}